{"id":20,"date":"2016-03-16T15:44:06","date_gmt":"2016-03-16T15:44:06","guid":{"rendered":"http:\/\/doktorica.org\/?page_id=20"},"modified":"2018-06-02T09:55:40","modified_gmt":"2018-06-02T09:55:40","slug":"uslovi-koristenja","status":"publish","type":"page","link":"https:\/\/doktorica.org\/index.php\/uslovi-koristenja\/","title":{"rendered":"Uslovi koristenja"},"content":{"rendered":"<div class=\"entry\">\n<p>POLICA PRIVATNOSTI (Privacy Policy)<\/p>\n<p>Portal\u00a0http:\/\/doktorica.org\/ priznaje i cijeni Va\u0161e pravo na povjerljivost podataka te se obavezuje na o\u010duvanje privatnosti i sigurnosti informacija koje putem ovog portala\u00a0podijelite s nama. Niti jedna privatna informacija ne\u0107e biti proslije\u0111ena tre\u0107im osobama bez Va\u0161eg prethodnog dopu\u0161tenja. Vrlo nam je va\u017eno Va\u0161e razumijevanje na\u010dina na koji prikupljamo i koristimo Va\u0161e podatke. Ova Polica privatnosti stoga obja\u0161njava na\u0161u online informacijsku praksu, prikupljanje i kori\u0161tenje Va\u0161ih podataka, te na\u010dine na koje mo\u017eete stupiti s nama u kontakt. Va\u0161e kori\u0161tenje ovog portala\u00a0podrazumijeva da ste suglasni s ovom Policom privatnosti.<\/p>\n<p>Mi po\u0161tujemo privatnost na\u0161ih korisnika.<\/p>\n<p>Bilje\u017eenje i kori\u0161tenje IP adresa i drugih korisni\u010dkih podataka<\/p>\n<p>Za potrebe administracije i odr\u017eavanja na ovim web stranicama se prikupljaju podaci o korisnicima koji uklju\u010duju, ali nisu ograni\u010deni na IP adrese, detalje o web pregleda\u010du, vrijeme pristupa, stranice sa kojih korisnik dolazi itd. Kada korisnici dobrovoljno i putem obrasca daju svoje li\u010dne podatke- ime, prezime, adresa, telefon, e-mail adresa, koristi\u0107emo ih za pru\u017eanje i unaprije\u0111enje na\u0161ih usluga, te eventualno za kontaktiranje na\u0161ih korisnika. Pristup prikupljenim informacijama mogu\u0107 je samo administratorima doktorica.org i informacije ne\u0107e biti prodane ili ustupljene tre\u0107oj strani bez saglasnosti korisnika, osim u slu\u010dajevima odre\u0111enim zakonom.<\/p>\n<p>Kola\u010di\u0107i (\u201eCookies\u201d)<\/p>\n<p>Ove web stranice koriste kola\u010di\u0107e za \u010duvanje stanja sesije. Unutar va\u0161eg pregleda\u010da mo\u017eete omogu\u0107iti ili onemogu\u0107iti kori\u0161tenje kola\u010di\u0107a ukoliko smatrate da time \u0161titite va\u0161u privatnost. Ukoliko onemogu\u0107ite kori\u0161tenje kola\u010di\u0107a, i dalje mo\u017eete koristiti ove web stranice ali ne\u0107e biti mogu\u0107e \u010duvanje va\u0161ih pode\u0161avanja, pa \u0107ete ih svaki puta iznova morati postavljati kada koristite pojedine stranice.<\/p>\n<p>Linkovi prema web stranicama i uslovi AdSense reklama<\/p>\n<p>Ova politika privatnosti ne primjenjuje se na druge web stranice na Internetu na koje pokazuju linkovi i oglasi na ovim web stranicama. Sadr\u017eaj i politika privatnosti za web stranice na Internetu do kojih vode linkovi i oglasi sa ove web stranice su odgovornost vlasnika tih web stranica. Ove web stranice prikazuju oglase iz AdSense sistema ogla\u0161avanja, a ispod su navedene posebne napomene koje se odnose na taj program ogla\u0161avanja:<\/p>\n<p>\u2013 Google kao tre\u0107a strana koristi kola\u010di\u0107e kako bi poslu\u017eivao oglase na ovim web stranicama (\u201cGoogle, as a third party vendor, uses cookies to serve ads on your site.\u201d).<\/p>\n<p>\u2013 Google koristi DART kola\u010di\u0107e kako bi omogu\u0107io poslu\u017eivanje oglasa zasnovano na prija\u0161njem kori\u0161tenju ovih web stranica kao i drugih web stranica na Internetu (\u201cGoogle\u2019s use of the DART cookie enables it to serve ads to your users based on their visit to your sites and other sites on the Internet.\u201d).<\/p>\n<p>\u2013 Korisnici web stranice mogu onemogu\u0107iti kori\u0161tenje DART kola\u010di\u0107a na Google web stranici (\u201cUsers may opt out of the use of the DART cookie by visiting the Google ad and content network privacy policy.\u201d).<\/p>\n<p>Definicije<\/p>\n<p>Portal\u00a0http:\/\/doktorica.org\/ \u00a0prikuplja samo one informacije koje su va\u017ene za ostvarenje svrhe ovih web-stranica, a to je omogu\u0107avanje korisnicima da otkrivaju i me\u0111usobno razmjenjuju informacije.<\/p>\n<p>Portal\u00a0http:\/\/doktorica.org\/\u00a0prikuplja sljede\u0107e tipove podataka.<\/p>\n<p>\u201cOsobni podaci\u201d uklju\u010duju Va\u0161e ime, kontakt-informacije, e-mail adresu, URL, broj telefona i ostale Va\u0161e identifikacijske podatke.<\/p>\n<p>\u201cNeidentifikacijski osobni podaci\u201d uklju\u010duju podatke o Va\u0161em internetskom poslu\u017eitelju, tipu web-preglednika, imenu domene, web-stranicima preko kojih ste do nas do\u0161li, web-stranicama koje posje\u0107ujete na na\u0161oj web-stranici, datum i vrijeme tih zahtjeva te mjesta ulaska i izlaska.<\/p>\n<p>\u201cPodaci o poslovnom kontaktu\u201d uklju\u010duju ime, titulu, poslovnu adresu te broj telefona zaposlenika u organizaciji. Podatak o poslovnom kontaktu nije osobni podatak.<\/p>\n<p>Kori\u0161tenje informacija<\/p>\n<p>Osobne podatke ne prikupljamo samim Va\u0161im posjetom na\u0161im web-stranicama, nego tek pri Va\u0161em samostalnom upisu, odnosno upita e-mail porukom. Prilikom Va\u0161ih upita poslanih e-mailom zatra\u017eit \u0107emo Va\u0161e ime ili e-mail adresu, te neke demografske podatke. Te informacije koristimo isklju\u010divo u svrhu odgovora na Va\u0161e upite. Ovaj portal\u00a0garantira da \u0107e povjerljivo \u010duvati sve osobne i demografske podatke o svojim \u010dlanovima i klijentima. Podatke ne\u0107e proslje\u0111ivati, prodavati, iznajmljivati ni razmjenjivati s tre\u0107im osobama bez Va\u0161eg odobrenja. Ovaj portal\u00a0se obavezuje na \u010duvanje podataka o svojim korisnicima, osim u slu\u010daju te\u0161kog kr\u0161enja pravila ovog bloga i nezakonitih aktivnosti korisnika.<\/p>\n<p>Cookies<\/p>\n<p>U cilju \u0161to kvalitetnije usluge koristimo tzv. cookies kako bismo smanjili vrijeme potrebno za logiranje. Cookie je mali dio informacije poslan s web-servera na Va\u0161e ra\u010dunalo. Koristimo ga kako bismo do\u0161li do podataka ve\u0107 pohranjenih u bazama na\u0161eg bloga pa ih stoga ne morate ponovno unositi svaki put kada se logirate. Cookies ne koristimo zato da bismo pristupili Va\u0161im podacima na serveru \u2014 te su nam informacije dostupne samo kada unesete Va\u0161e ime i lozinku. Niti jedna druga tvrtka nema pristup na\u0161im cookiesima. Cookies tako\u0111er ne koristimo za pra\u0107enje va\u0161ih internetske aktivnosti nakon \u0161to napustite ovaj blog<\/p>\n<p>Va\u0161i komentari<\/p>\n<p>Kori\u0161tenjem na\u0161eg portala ustupate nam pravo pribavljanja i kori\u0161tenja podataka o Vama na na\u010din na koji je to ovdje izneseno. Ukoliko promijenimo neke uvjete u na\u0161oj Polici privatnosti, te \u0107emo promjene objaviti na ovome mjestu kako biste uvijek imali uvid u na\u010din na koji koristimo podatke koje ste nam povjerili. Ukoliko imate dodatnih pitanja o na\u0161oj Polici privatnosti, molimo Vas da nam se javite e-mailom.<\/p>\n<p>Izmjene police privatnosti<\/p>\n<p>Bilo kakve izmjene i dopune ove Police privatnosti ne\u0107e biti va\u017ee\u0107e ukoliko ih ovaj portal\u00a0nije objavilo na ovim web-stranicama. Svaka izmjena koju na\u0161 portal\u00a0objavi na ovim web-stranicama odmah postaje va\u017ee\u0107a, a svako Va\u0161e daljnje kori\u0161tenje web-stranica ili ponu\u0111enih usluga podrazumijevat \u0107e da prihva\u0107ate izmijenjene odredbe.<\/p>\n<p>Napomena<\/p>\n<p>Web-stranice u sklopu portala mogu sadr\u017eati linkove koji vode na druge web-stranice. Portal http:\/\/doktorica.org\/\u00a0nije odgovoran za sadr\u017eaj ni Policu privatnosti tih web-stranica. Ukoliko saznate da te web-stranice vode na tre\u0107e web-stranice s neprikladnim sadr\u017eajem ili nepovoljnom Policom privatnosti, obavijestite nas o tome te \u0107emo takve linkove otkloniti.<\/p>\n<p>Zahvaljujemo Vam na kori\u0161tenju\u00a0portala.<\/p>\n<p>UVJETI KORI\u0160TENJA (TOS)<\/p>\n<p>Ovi uvjeti kori\u0161tenja odnose se na kompletan sadr\u017eaj portala\u00a0http:\/\/doktorica.org\/.\u00a0\u00a0Sadr\u017eaj ovih stranica namijenjen je isklju\u010divo u edukativne svrhe, te nije predvi\u0111en kao zamjena za stru\u010dno medicinsko mi\u0161ljenje ili lije\u010dni\u010dku brigu. Informacije navedene na ovim stranicama ne bi se trebale koristiti za dijagnozu ili lije\u010denje bilo kakvih zdravstvenih problema ili bolesti bez konzultiranja lije\u010dnika. Ako imate bilo kakvih pitanja vezanih uz va\u0161e zdravlje ili zdravlje va\u0161eg djeteta, kontaktirate lije\u010dnika. Sadr\u017eaj ovog bloga koristite isklju\u010divo na vlastitu odgovornost, te iste ne odgovaraju za eventualnu \u0161tetu nastalu kori\u0161tenjem sadr\u017eaja. Web stranice ovog portala\u00a0izme\u0111u ostalog sadr\u017ee i linkove prema drugim web stranicama i ne smatraju se odgovornim za sadr\u017eaj na tim stranicama. Ovaj portal\u00a0nije odgovoran za sadr\u017eaj stranica ogla\u0161iva\u010da koje se nalaze u sklopu portala, te ni za kakvu \u0161tetu nastalu ogla\u0161avanjem. Ovaj portal\u00a0ne odgovara za sadr\u017eaj koji razmjenjuju korisnici, te ne mo\u017ee garantirati to\u010dnost, porijeklo ili kvalitetu takvog sadr\u017eaja. Ovaj portal\u00a0zadr\u017eava pravo deaktivacije korisni\u010dkog ra\u010duna korisnika foruma u slu\u010daju kr\u0161enja ovih uvjeta ili pravila za kori\u0161tenje foruma. Portal\u00a0se obvezuje da \u0107e u najve\u0107oj mjeri \u0161tititi privatnost svih podataka prikupljenih od korisnika prilikom registracije ili na neki drugi na\u010din. Prikupljene e-mail adrese se ne\u0107e ustupati ili prodavati tre\u0107im osobama.<\/p>\n<p>Ovaj portal\u00a0ne snosi odgovornost ukoliko zbog neovla\u0161tenog pristupa (hackerkog napada) do\u0111e do otkrivanja osobnih podataka (email adresa i sl.) registriranih korisnika. Ovaj portal\u00a0ne odgovara za sadr\u017eaje objavljene od strane korisnika, ve\u0107 za taj sadr\u017eaj odgovaraju prvenstveno korisnici koji taj sadr\u017eaj objave. Ovaj portal\u00a0zadr\u017eava pravo davanja osobnih informacija o korisnicima nadle\u017enim slu\u017ebama u slu\u010daju tu\u017ebe ili zakonskih akcija podignutih protiv odre\u0111enog korisnika. Ovaj portal\u00a0zadr\u017eava pravo izmjene ovih uvjeta kori\u0161tenja bez prethodne najave.<\/p>\n<p>Izjava o odricanju odgovornosti<\/p>\n<p>Portal\u00a0http:\/\/doktorica.org\/\u00a0ne prihvata nikakvu odgovornost za \u0161tete i propuste nastale primjenom sadr\u017eanih informacija. Sve postove koristite na svoju osobnu odgovornost i rizik. O svakom pitanju, prijedlogu ili informaciji iz postova konsultirajte stru\u010dnu osobu ili ljekara.<\/p>\n<p>IZJAVA O POVREDI AUTORSKIH PRAVA<\/p>\n<p>Neke fotografije na su\u010delju www.doktorica.org\u00a0preuzete su s besplatnih izvora, share portala i koriste se najboljoj namjeri (Fair use). Molimo vas da nas kontaktirate ukoliko smatrate da neka fotografija spada u podru\u010dje kr\u0161enja autorskog prava i u najkra\u0107em roku \u0107emo je skinuti sa su\u010delja.<\/p>\n<p>&nbsp;<\/p>\n<\/div>\n","protected":false},"excerpt":{"rendered":"<p>POLICA PRIVATNOSTI (Privacy Policy) Portal\u00a0http:\/\/doktorica.org\/ priznaje i cijeni Va\u0161e pravo na povjerljivost podataka te se obavezuje na o\u010duvanje privatnosti i sigurnosti informacija koje putem ovog portala\u00a0podijelite s nama. Niti jedna privatna informacija ne\u0107e biti proslije\u0111ena tre\u0107im osobama bez Va\u0161eg prethodnog dopu\u0161tenja. Vrlo nam je va\u017eno Va\u0161e razumijevanje na\u010dina na koji prikupljamo i koristimo Va\u0161e podatke. &#8230;<\/p>\n","protected":false},"author":1,"featured_media":0,"parent":0,"menu_order":0,"comment_status":"closed","ping_status":"closed","template":"","meta":{"footnotes":""},"class_list":["post post-20","anons"],"_links":{"self":[{"href":"https:\/\/doktorica.org\/index.php\/wp-json\/wp\/v2\/pages\/20","targetHints":{"allow":["GET"]}}],"collection":[{"href":"https:\/\/doktorica.org\/index.php\/wp-json\/wp\/v2\/pages"}],"about":[{"href":"https:\/\/doktorica.org\/index.php\/wp-json\/wp\/v2\/types\/page"}],"author":[{"embeddable":true,"href":"https:\/\/doktorica.org\/index.php\/wp-json\/wp\/v2\/users\/1"}],"replies":[{"embeddable":true,"href":"https:\/\/doktorica.org\/index.php\/wp-json\/wp\/v2\/comments?post=20"}],"version-history":[{"count":4,"href":"https:\/\/doktorica.org\/index.php\/wp-json\/wp\/v2\/pages\/20\/revisions"}],"predecessor-version":[{"id":1841,"href":"https:\/\/doktorica.org\/index.php\/wp-json\/wp\/v2\/pages\/20\/revisions\/1841"}],"wp:attachment":[{"href":"https:\/\/doktorica.org\/index.php\/wp-json\/wp\/v2\/media?parent=20"}],"curies":[{"name":"wp","href":"https:\/\/api.w.org\/{rel}","templated":true}]}}